{"id":7,"date":"2021-02-13T14:52:57","date_gmt":"2021-02-13T13:52:57","guid":{"rendered":"http:\/\/centrumlapa.pl\/?page_id=7"},"modified":"2022-06-06T16:30:43","modified_gmt":"2022-06-06T14:30:43","slug":"strona-glowna","status":"publish","type":"page","link":"https:\/\/centrumlapa.pl\/","title":{"rendered":"Centrum ZOOlogiczne \u0141APA"},"content":{"rendered":"\n<div style=\"height:32px\" aria-hidden=\"true\" class=\"wp-block-spacer\"><\/div>\n\n\n\n<div class=\"wp-block-columns is-layout-flex wp-container-3 wp-block-columns-is-layout-flex\">\n<div class=\"wp-block-column is-layout-flow wp-block-column-is-layout-flow\">\n<h2 class=\"has-text-align-center wp-block-heading\" id=\"sklep-dobra\">Dobra<\/h2>\n\n\n\n<p><strong>Sklep w centrum Dobrej, z parkingiem dla klient\u00f3w.<\/strong><\/p>\n\n\n\n<p>Pe\u0142en asortyment karm i akcesori\u00f3w dla ps\u00f3w i kot\u00f3w, oraz gryzoni, rybek, i ptak\u00f3w. W ofercie r\u00f3wnie\u017c \u017cywe gryzonie i rybki.<\/p>\n\n\n\n<h3 class=\"wp-block-heading\">Godziny pracy:<\/h3>\n\n\n\n<p>Poniedzia\u0142ek &#8211; Pi\u0105tek: 10 &#8211; 19<br>Sobota: 10 &#8211; 15<br>Niedziela: nieczynne<\/p>\n\n\n\n<h3 class=\"wp-block-heading\">Kontakt<\/h3>\n\n\n\n<p>Tel: <a data-type=\"tel\" data-id=\"tel:+48604514949\" href=\"tel:+48604514949\">+48 604 514 949<\/a><br>Napisz do nas na Facebooku: <a href=\"https:\/\/www.facebook.com\/centrumlapa.dobra\">Centrum \u0141APA &#8211; Dobra<\/a><\/p>\n\n\n\n<h3 class=\"wp-block-heading\">Dojazd<\/h3>\n\n\n\n<p>ul. Szczeci\u0144ska 13<br>72-003 Dobra<\/p>\n\n\n\t\t\t<div \n\t\t\tclass=\"wp-block-uagb-google-map uagb-google-map__wrap uagb-block-b4be2d90     \"\n\t\t\tstyle=\"\" >\n\t\t\t\t<embed\n\t\t\t\t\tclass=\"uagb-google-map__iframe\"\n\t\t\t\t\ttitle=\"Google Map for \"\n\t\t\t\t\tsrc=\"https:\/\/maps.google.com\/maps?q=Centrum%20ZOOlogiczne%20%C5%81APA%20-%20Dobra&#038;z=14&#038;hl=pl&#038;t=m&#038;output=embed&#038;iwloc=near\"\n\t\t\t\t\twidth=\"640\"\n\t\t\t\t\theight=\"440\"\n\t\t\t\t\tloading=\"lazy\"\n\t\t\t\t><\/embed>\n\t\t\t<\/div>\n\t\t\t\n\n\n<p><\/p>\n<\/div>\n\n\n\n<div class=\"wp-block-column is-layout-flow wp-block-column-is-layout-flow\">\n<h2 class=\"alignfull has-text-align-center wp-block-heading\" id=\"sklep-hakena\">Hakena<\/h2>\n\n\n\n<p><strong>Sklep w Rondo Hakena Park w Szczecinie, z parkingiem dla klient\u00f3w.<\/strong><\/p>\n\n\n\n<p>Pe\u0142en asortyment karm i akcesori\u00f3w dla ps\u00f3w i kot\u00f3w, oraz gryzoni, rybek, i ptak\u00f3w. W ofercie \u017cywe gryzonie i szeroki wyb\u00f3r rybek akwariowych.<\/p>\n\n\n\n<h3 class=\"wp-block-heading\">Godziny pracy:<\/h3>\n\n\n\n<p>Poniedzia\u0142ek &#8211; Pi\u0105tek: 10 &#8211; 20<br>Sobota: 10 &#8211; 20<br>Niedziela handlowa: 10 &#8211; 20<\/p>\n\n\n\n<h3 class=\"wp-block-heading\">Kontakt<\/h3>\n\n\n\n<p>Tel: <a data-type=\"tel\" data-id=\"tel:+48534544613\" href=\"tel:+48534544613\">+48 534 544 613<\/a><br>Napisz do nas na Facebooku: <a href=\"https:\/\/www.facebook.com\/lapa.hakena\/\">Centrum \u0141APA &#8211; Hakena<\/a><a href=\"https:\/\/www.facebook.com\/lapa.hakena\/\"><\/a><\/p>\n\n\n\n<h3 class=\"wp-block-heading\">Dojazd<\/h3>\n\n\n\n<p>ul. Po\u0142udniowa 18<br>71-001 Szczecin<\/p>\n\n\n\t\t\t<div \n\t\t\tclass=\"wp-block-uagb-google-map uagb-google-map__wrap uagb-block-27fa4483     \"\n\t\t\tstyle=\"\" >\n\t\t\t\t<embed\n\t\t\t\t\tclass=\"uagb-google-map__iframe\"\n\t\t\t\t\ttitle=\"Google Map for \"\n\t\t\t\t\tsrc=\"https:\/\/maps.google.com\/maps?q=Centrum%20ZOOlogiczne%20%C5%81apa%20-%20Hakena&#038;z=14&#038;hl=pl&#038;t=m&#038;output=embed&#038;iwloc=near\"\n\t\t\t\t\twidth=\"640\"\n\t\t\t\t\theight=\"440\"\n\t\t\t\t\tloading=\"lazy\"\n\t\t\t\t><\/embed>\n\t\t\t<\/div>\n\t\t\t\n\n\n<p><\/p>\n<\/div>\n<\/div>\n\n\n\n<h3 class=\"wp-block-heading\"><\/h3>\n\n\n\n<h3 class=\"wp-block-heading\">Nasze marki<\/h3>\n\n\n\n<p> <a href=\"https:\/\/karmaboomerang.pl\/10-karma-sucha-dla-psow\/?__from=centrumlapa_pl\"><img decoding=\"async\" class=\"wp-image-119\" style=\"width: 150px;\" src=\"\/wp-content\/uploads\/2021\/08\/boomerang-karmy-smakolyki-150.png\" alt=\"\"><\/a> <strong>Karma bOOmerang<\/strong> &#8211; <a data-type=\"URL\" data-id=\"https:\/\/karmaboomerang.pl\/10-karma-sucha-dla-psow\/?__from=centrumlapa_pl\" href=\"https:\/\/karmaboomerang.pl\/10-karma-sucha-dla-psow\/?__from=centrumlapa_pl\">pe\u0142noporcjowe karmy dla ps\u00f3w i kot\u00f3w<\/a>. <\/p>\n\n\n\n<p><\/p>\n\n\n\n<div style=\"height:64px\" aria-hidden=\"true\" class=\"wp-block-spacer\"><\/div>\n\n\n\n<p><\/p>\n","protected":false},"excerpt":{"rendered":"<p>Dobra Sklep w centrum Dobrej, z parkingiem dla klient\u00f3w. Pe\u0142en asortyment karm i akcesori\u00f3w dla ps\u00f3w i kot\u00f3w, oraz gryzoni, rybek, i ptak\u00f3w. W ofercie r\u00f3wnie\u017c \u017cywe gryzonie i rybki. Godziny pracy: Poniedzia\u0142ek &#8211; Pi\u0105tek: 10 &#8211; 19Sobota: 10 &#8211; 15Niedziela: nieczynne Kontakt Tel: +48 604 514 949Napisz do nas na Facebooku: Centrum \u0141APA &#8211; [&hellip;]<\/p>\n","protected":false},"author":2,"featured_media":77,"parent":0,"menu_order":0,"comment_status":"closed","ping_status":"closed","template":"","meta":{"_uag_custom_page_level_css":"","site-sidebar-layout":"no-sidebar","site-content-layout":"plain-container","ast-site-content-layout":"default","site-content-style":"default","site-sidebar-style":"default","ast-global-header-display":"","ast-banner-title-visibility":"","ast-main-header-display":"","ast-hfb-above-header-display":"","ast-hfb-below-header-display":"","ast-hfb-mobile-header-display":"","site-post-title":"disabled","ast-breadcrumbs-content":"disabled","ast-featured-img":"disabled","footer-sml-layout":"","ast-disable-related-posts":"","theme-transparent-header-meta":"default","adv-header-id-meta":"","stick-header-meta":"","header-above-stick-meta":"","header-main-stick-meta":"","header-below-stick-meta":"","astra-migrate-meta-layouts":"default","ast-page-background-enabled":"default","ast-page-background-meta":{"desktop":{"background-color":"","background-image":"","background-repeat":"repeat","background-position":"center center","background-size":"auto","background-attachment":"scroll","background-type":"","background-media":"","overlay-type":"","overlay-color":"","overlay-opacity":"","overlay-gradient":""},"tablet":{"background-color":"","background-image":"","background-repeat":"repeat","background-position":"center center","background-size":"auto","background-attachment":"scroll","background-type":"","background-media":"","overlay-type":"","overlay-color":"","overlay-opacity":"","overlay-gradient":""},"mobile":{"background-color":"","background-image":"","background-repeat":"repeat","background-position":"center center","background-size":"auto","background-attachment":"scroll","background-type":"","background-media":"","overlay-type":"","overlay-color":"","overlay-opacity":"","overlay-gradient":""}},"ast-content-background-meta":{"desktop":{"background-color":"var(--ast-global-color-5)","background-image":"","background-repeat":"repeat","background-position":"center center","background-size":"auto","background-attachment":"scroll","background-type":"","background-media":"","overlay-type":"","overlay-color":"","overlay-opacity":"","overlay-gradient":""},"tablet":{"background-color":"var(--ast-global-color-5)","background-image":"","background-repeat":"repeat","background-position":"center center","background-size":"auto","background-attachment":"scroll","background-type":"","background-media":"","overlay-type":"","overlay-color":"","overlay-opacity":"","overlay-gradient":""},"mobile":{"background-color":"var(--ast-global-color-5)","background-image":"","background-repeat":"repeat","background-position":"center center","background-size":"auto","background-attachment":"scroll","background-type":"","background-media":"","overlay-type":"","overlay-color":"","overlay-opacity":"","overlay-gradient":""}},"footnotes":""},"yoast_head":"<!-- This site is optimized with the Yoast SEO plugin v22.6 - https:\/\/yoast.com\/wordpress\/plugins\/seo\/ -->\n<title>Centrum ZOOlogiczne \u0141APA - Szczecin, Dobra<\/title>\n<meta name=\"description\" content=\"Karmy dla psa i kota. Akcesoria, karmy dla gryzoni i ptak\u00f3w. Rybki akwariowe i akcesoria akwarystyczne. Specjalistyczne karmy pe\u0142nowarto\u015bciowe monoproteinowe.\" \/>\n<meta name=\"robots\" content=\"index, follow, max-snippet:-1, max-image-preview:large, max-video-preview:-1\" \/>\n<link rel=\"canonical\" href=\"https:\/\/centrumlapa.pl\/\" \/>\n<meta property=\"og:locale\" content=\"pl_PL\" \/>\n<meta property=\"og:type\" content=\"article\" \/>\n<meta property=\"og:title\" content=\"Centrum ZOOlogiczne \u0141APA - Szczecin, Dobra\" \/>\n<meta property=\"og:description\" content=\"Karmy dla psa i kota. Akcesoria, karmy dla gryzoni i ptak\u00f3w. Rybki akwariowe i akcesoria akwarystyczne. Specjalistyczne karmy pe\u0142nowarto\u015bciowe monoproteinowe.\" \/>\n<meta property=\"og:url\" content=\"https:\/\/centrumlapa.pl\/\" \/>\n<meta property=\"og:site_name\" content=\"Centrum ZOOlogiczne \u0141APA\" \/>\n<meta property=\"article:modified_time\" content=\"2022-06-06T14:30:43+00:00\" \/>\n<meta property=\"og:image\" content=\"https:\/\/centrumlapa.pl\/wp-content\/uploads\/2021\/02\/centrum-zoologiczne-lapa.jpeg\" \/>\n\t<meta property=\"og:image:width\" content=\"1200\" \/>\n\t<meta property=\"og:image:height\" content=\"627\" \/>\n\t<meta property=\"og:image:type\" content=\"image\/jpeg\" \/>\n<meta name=\"twitter:card\" content=\"summary_large_image\" \/>\n<meta name=\"twitter:label1\" content=\"Szacowany czas czytania\" \/>\n\t<meta name=\"twitter:data1\" content=\"2 minuty\" \/>\n<script type=\"application\/ld+json\" class=\"yoast-schema-graph\">{\"@context\":\"https:\/\/schema.org\",\"@graph\":[{\"@type\":\"WebPage\",\"@id\":\"https:\/\/centrumlapa.pl\/\",\"url\":\"https:\/\/centrumlapa.pl\/\",\"name\":\"Centrum ZOOlogiczne \u0141APA - Szczecin, Dobra\",\"isPartOf\":{\"@id\":\"https:\/\/centrumlapa.pl\/#website\"},\"primaryImageOfPage\":{\"@id\":\"https:\/\/centrumlapa.pl\/#primaryimage\"},\"image\":{\"@id\":\"https:\/\/centrumlapa.pl\/#primaryimage\"},\"thumbnailUrl\":\"https:\/\/centrumlapa.pl\/wp-content\/uploads\/2021\/02\/centrum-zoologiczne-lapa.jpeg\",\"datePublished\":\"2021-02-13T13:52:57+00:00\",\"dateModified\":\"2022-06-06T14:30:43+00:00\",\"description\":\"Karmy dla psa i kota. Akcesoria, karmy dla gryzoni i ptak\u00f3w. Rybki akwariowe i akcesoria akwarystyczne. Specjalistyczne karmy pe\u0142nowarto\u015bciowe monoproteinowe.\",\"breadcrumb\":{\"@id\":\"https:\/\/centrumlapa.pl\/#breadcrumb\"},\"inLanguage\":\"pl-PL\",\"potentialAction\":[{\"@type\":\"ReadAction\",\"target\":[\"https:\/\/centrumlapa.pl\/\"]}]},{\"@type\":\"ImageObject\",\"inLanguage\":\"pl-PL\",\"@id\":\"https:\/\/centrumlapa.pl\/#primaryimage\",\"url\":\"https:\/\/centrumlapa.pl\/wp-content\/uploads\/2021\/02\/centrum-zoologiczne-lapa.jpeg\",\"contentUrl\":\"https:\/\/centrumlapa.pl\/wp-content\/uploads\/2021\/02\/centrum-zoologiczne-lapa.jpeg\",\"width\":1200,\"height\":627},{\"@type\":\"BreadcrumbList\",\"@id\":\"https:\/\/centrumlapa.pl\/#breadcrumb\",\"itemListElement\":[{\"@type\":\"ListItem\",\"position\":1,\"name\":\"Strona g\u0142\u00f3wna\",\"item\":\"https:\/\/centrumlapa.pl\/\"},{\"@type\":\"ListItem\",\"position\":2,\"name\":\"Centrum ZOOlogiczne \u0141APA\"}]},{\"@type\":\"WebSite\",\"@id\":\"https:\/\/centrumlapa.pl\/#website\",\"url\":\"https:\/\/centrumlapa.pl\/\",\"name\":\"Centrum ZOOlogiczne \u0141APA\",\"description\":\"Lokalna sie\u0107 sklep&oacute;w zoologicznych\",\"publisher\":{\"@id\":\"https:\/\/centrumlapa.pl\/#organization\"},\"potentialAction\":[{\"@type\":\"SearchAction\",\"target\":{\"@type\":\"EntryPoint\",\"urlTemplate\":\"https:\/\/centrumlapa.pl\/?s={search_term_string}\"},\"query-input\":\"required name=search_term_string\"}],\"inLanguage\":\"pl-PL\"},{\"@type\":\"Organization\",\"@id\":\"https:\/\/centrumlapa.pl\/#organization\",\"name\":\"Centrum ZOOlogiczne \u0141APA\",\"url\":\"https:\/\/centrumlapa.pl\/\",\"logo\":{\"@type\":\"ImageObject\",\"inLanguage\":\"pl-PL\",\"@id\":\"https:\/\/centrumlapa.pl\/#\/schema\/logo\/image\/\",\"url\":\"https:\/\/centrumlapa.pl\/wp-content\/uploads\/2021\/02\/logo-general.jpeg\",\"contentUrl\":\"https:\/\/centrumlapa.pl\/wp-content\/uploads\/2021\/02\/logo-general.jpeg\",\"width\":1774,\"height\":499,\"caption\":\"Centrum ZOOlogiczne \u0141APA\"},\"image\":{\"@id\":\"https:\/\/centrumlapa.pl\/#\/schema\/logo\/image\/\"}}]}<\/script>\n<!-- \/ Yoast SEO plugin. -->","yoast_head_json":{"title":"Centrum ZOOlogiczne \u0141APA - Szczecin, Dobra","description":"Karmy dla psa i kota. Akcesoria, karmy dla gryzoni i ptak\u00f3w. Rybki akwariowe i akcesoria akwarystyczne. Specjalistyczne karmy pe\u0142nowarto\u015bciowe monoproteinowe.","robots":{"index":"index","follow":"follow","max-snippet":"max-snippet:-1","max-image-preview":"max-image-preview:large","max-video-preview":"max-video-preview:-1"},"canonical":"https:\/\/centrumlapa.pl\/","og_locale":"pl_PL","og_type":"article","og_title":"Centrum ZOOlogiczne \u0141APA - Szczecin, Dobra","og_description":"Karmy dla psa i kota. Akcesoria, karmy dla gryzoni i ptak\u00f3w. Rybki akwariowe i akcesoria akwarystyczne. Specjalistyczne karmy pe\u0142nowarto\u015bciowe monoproteinowe.","og_url":"https:\/\/centrumlapa.pl\/","og_site_name":"Centrum ZOOlogiczne \u0141APA","article_modified_time":"2022-06-06T14:30:43+00:00","og_image":[{"width":1200,"height":627,"url":"https:\/\/centrumlapa.pl\/wp-content\/uploads\/2021\/02\/centrum-zoologiczne-lapa.jpeg","type":"image\/jpeg"}],"twitter_card":"summary_large_image","twitter_misc":{"Szacowany czas czytania":"2 minuty"},"schema":{"@context":"https:\/\/schema.org","@graph":[{"@type":"WebPage","@id":"https:\/\/centrumlapa.pl\/","url":"https:\/\/centrumlapa.pl\/","name":"Centrum ZOOlogiczne \u0141APA - Szczecin, Dobra","isPartOf":{"@id":"https:\/\/centrumlapa.pl\/#website"},"primaryImageOfPage":{"@id":"https:\/\/centrumlapa.pl\/#primaryimage"},"image":{"@id":"https:\/\/centrumlapa.pl\/#primaryimage"},"thumbnailUrl":"https:\/\/centrumlapa.pl\/wp-content\/uploads\/2021\/02\/centrum-zoologiczne-lapa.jpeg","datePublished":"2021-02-13T13:52:57+00:00","dateModified":"2022-06-06T14:30:43+00:00","description":"Karmy dla psa i kota. Akcesoria, karmy dla gryzoni i ptak\u00f3w. Rybki akwariowe i akcesoria akwarystyczne. Specjalistyczne karmy pe\u0142nowarto\u015bciowe monoproteinowe.","breadcrumb":{"@id":"https:\/\/centrumlapa.pl\/#breadcrumb"},"inLanguage":"pl-PL","potentialAction":[{"@type":"ReadAction","target":["https:\/\/centrumlapa.pl\/"]}]},{"@type":"ImageObject","inLanguage":"pl-PL","@id":"https:\/\/centrumlapa.pl\/#primaryimage","url":"https:\/\/centrumlapa.pl\/wp-content\/uploads\/2021\/02\/centrum-zoologiczne-lapa.jpeg","contentUrl":"https:\/\/centrumlapa.pl\/wp-content\/uploads\/2021\/02\/centrum-zoologiczne-lapa.jpeg","width":1200,"height":627},{"@type":"BreadcrumbList","@id":"https:\/\/centrumlapa.pl\/#breadcrumb","itemListElement":[{"@type":"ListItem","position":1,"name":"Strona g\u0142\u00f3wna","item":"https:\/\/centrumlapa.pl\/"},{"@type":"ListItem","position":2,"name":"Centrum ZOOlogiczne \u0141APA"}]},{"@type":"WebSite","@id":"https:\/\/centrumlapa.pl\/#website","url":"https:\/\/centrumlapa.pl\/","name":"Centrum ZOOlogiczne \u0141APA","description":"Lokalna sie\u0107 sklep&oacute;w zoologicznych","publisher":{"@id":"https:\/\/centrumlapa.pl\/#organization"},"potentialAction":[{"@type":"SearchAction","target":{"@type":"EntryPoint","urlTemplate":"https:\/\/centrumlapa.pl\/?s={search_term_string}"},"query-input":"required name=search_term_string"}],"inLanguage":"pl-PL"},{"@type":"Organization","@id":"https:\/\/centrumlapa.pl\/#organization","name":"Centrum ZOOlogiczne \u0141APA","url":"https:\/\/centrumlapa.pl\/","logo":{"@type":"ImageObject","inLanguage":"pl-PL","@id":"https:\/\/centrumlapa.pl\/#\/schema\/logo\/image\/","url":"https:\/\/centrumlapa.pl\/wp-content\/uploads\/2021\/02\/logo-general.jpeg","contentUrl":"https:\/\/centrumlapa.pl\/wp-content\/uploads\/2021\/02\/logo-general.jpeg","width":1774,"height":499,"caption":"Centrum ZOOlogiczne \u0141APA"},"image":{"@id":"https:\/\/centrumlapa.pl\/#\/schema\/logo\/image\/"}}]}},"uagb_featured_image_src":{"full":["https:\/\/centrumlapa.pl\/wp-content\/uploads\/2021\/02\/centrum-zoologiczne-lapa.jpeg",1200,627,false],"thumbnail":["https:\/\/centrumlapa.pl\/wp-content\/uploads\/2021\/02\/centrum-zoologiczne-lapa-150x150.jpeg",150,150,true],"medium":["https:\/\/centrumlapa.pl\/wp-content\/uploads\/2021\/02\/centrum-zoologiczne-lapa-300x157.jpeg",300,157,true],"medium_large":["https:\/\/centrumlapa.pl\/wp-content\/uploads\/2021\/02\/centrum-zoologiczne-lapa-768x401.jpeg",768,401,true],"large":["https:\/\/centrumlapa.pl\/wp-content\/uploads\/2021\/02\/centrum-zoologiczne-lapa-1024x535.jpeg",1024,535,true],"1536x1536":["https:\/\/centrumlapa.pl\/wp-content\/uploads\/2021\/02\/centrum-zoologiczne-lapa.jpeg",1200,627,false],"2048x2048":["https:\/\/centrumlapa.pl\/wp-content\/uploads\/2021\/02\/centrum-zoologiczne-lapa.jpeg",1200,627,false]},"uagb_author_info":{"display_name":"dexen","author_link":"https:\/\/centrumlapa.pl\/index.php\/author\/dexen\/"},"uagb_comment_info":0,"uagb_excerpt":"Dobra Sklep w centrum Dobrej, z parkingiem dla klient\u00f3w. Pe\u0142en asortyment karm i akcesori\u00f3w dla ps\u00f3w i kot\u00f3w, oraz gryzoni, rybek, i ptak\u00f3w. W ofercie r\u00f3wnie\u017c \u017cywe gryzonie i rybki. Godziny pracy: Poniedzia\u0142ek &#8211; Pi\u0105tek: 10 &#8211; 19Sobota: 10 &#8211; 15Niedziela: nieczynne Kontakt Tel: +48 604 514 949Napisz do nas na Facebooku: Centrum \u0141APA &#8211;&hellip;","_links":{"self":[{"href":"https:\/\/centrumlapa.pl\/index.php\/wp-json\/wp\/v2\/pages\/7"}],"collection":[{"href":"https:\/\/centrumlapa.pl\/index.php\/wp-json\/wp\/v2\/pages"}],"about":[{"href":"https:\/\/centrumlapa.pl\/index.php\/wp-json\/wp\/v2\/types\/page"}],"author":[{"embeddable":true,"href":"https:\/\/centrumlapa.pl\/index.php\/wp-json\/wp\/v2\/users\/2"}],"replies":[{"embeddable":true,"href":"https:\/\/centrumlapa.pl\/index.php\/wp-json\/wp\/v2\/comments?post=7"}],"version-history":[{"count":73,"href":"https:\/\/centrumlapa.pl\/index.php\/wp-json\/wp\/v2\/pages\/7\/revisions"}],"predecessor-version":[{"id":153,"href":"https:\/\/centrumlapa.pl\/index.php\/wp-json\/wp\/v2\/pages\/7\/revisions\/153"}],"wp:featuredmedia":[{"embeddable":true,"href":"https:\/\/centrumlapa.pl\/index.php\/wp-json\/wp\/v2\/media\/77"}],"wp:attachment":[{"href":"https:\/\/centrumlapa.pl\/index.php\/wp-json\/wp\/v2\/media?parent=7"}],"curies":[{"name":"wp","href":"https:\/\/api.w.org\/{rel}","templated":true}]}}